{"id":2103,"date":"2021-04-23T15:55:43","date_gmt":"2021-04-23T13:55:43","guid":{"rendered":"https:\/\/p-gccz55.project.space\/?page_id=2103"},"modified":"2024-03-19T14:47:53","modified_gmt":"2024-03-19T13:47:53","slug":"privacy-policy","status":"publish","type":"page","link":"https:\/\/www.vanwylick.de\/en\/privacy-policy\/","title":{"rendered":"Privacy"},"content":{"rendered":"<div data-elementor-type=\"wp-page\" data-elementor-id=\"2103\" class=\"elementor elementor-2103\" data-elementor-post-type=\"page\">\n\t\t\t\t\t\t<section class=\"elementor-section elementor-top-section elementor-element elementor-element-e923a00 elementor-section-boxed elementor-section-height-default elementor-section-height-default\" data-id=\"e923a00\" data-element_type=\"section\">\n\t\t\t\t\t\t<div class=\"elementor-container elementor-column-gap-default\">\n\t\t\t\t\t<div class=\"elementor-column elementor-col-66 elementor-top-column elementor-element elementor-element-f47a9cc\" data-id=\"f47a9cc\" data-element_type=\"column\">\n\t\t\t<div class=\"elementor-widget-wrap elementor-element-populated\">\n\t\t\t\t\t\t<div class=\"elementor-element elementor-element-b3fa9ac sea3-spacer-l elementor-widget elementor-widget-sea3-spacer\" data-id=\"b3fa9ac\" data-element_type=\"widget\" data-widget_type=\"sea3-spacer.default\">\n\t\t\t\t<div class=\"elementor-widget-container\">\n\t\t\t\t\t        <div class=\"sea3-elementor-spacer elementor-spacer\">\n            <div class=\"sea3-elementor-spacer-inner elementor-spacer-inner\"><\/div>\n        <\/div>\n        \t\t\t\t<\/div>\n\t\t\t\t<\/div>\n\t\t\t\t<div class=\"elementor-element elementor-element-f9dd24c elementor-widget elementor-widget-heading\" data-id=\"f9dd24c\" data-element_type=\"widget\" data-widget_type=\"heading.default\">\n\t\t\t\t<div class=\"elementor-widget-container\">\n\t\t\t\t\t<h1 class=\"default elementor-heading-title elementor-size-default\">PRIVACY POLICY<\/h1>\t\t\t\t<\/div>\n\t\t\t\t<\/div>\n\t\t\t\t<section class=\"elementor-section elementor-inner-section elementor-element elementor-element-8d92370 elementor-section-boxed elementor-section-height-default elementor-section-height-default\" data-id=\"8d92370\" data-element_type=\"section\">\n\t\t\t\t\t\t<div class=\"elementor-container elementor-column-gap-default\">\n\t\t\t\t\t<div class=\"elementor-column elementor-col-100 elementor-inner-column elementor-element elementor-element-fd6efec\" data-id=\"fd6efec\" data-element_type=\"column\">\n\t\t\t<div class=\"elementor-widget-wrap elementor-element-populated\">\n\t\t\t\t\t\t<div class=\"elementor-element elementor-element-5d53112 elementor-widget elementor-widget-text-editor\" data-id=\"5d53112\" data-element_type=\"widget\" data-widget_type=\"text-editor.default\">\n\t\t\t\t<div class=\"elementor-widget-container\">\n\t\t\t\t\t\t\t\t\t<p>We take the protection of your personal data very seriously. We treat your personal data confidentially and in accordance with the statutory data protection regulations, the General Data Protection Regulation (EU-DSGVO) and this data protection declaration. As far as possible, we avoid collecting personal data in the course of our business activities, including the operation of this website.<\/p><p>The use of our website is generally possible without providing personal data. Our website is an information service.<\/p><p>We would like to point out that data transmission on the Internet can have security gaps. It is not possible for us to completely protect data from access by third parties.<\/p>\t\t\t\t\t\t\t\t<\/div>\n\t\t\t\t<\/div>\n\t\t\t\t<div class=\"elementor-element elementor-element-e68fd54 elementor-widget elementor-widget-text-editor\" data-id=\"e68fd54\" data-element_type=\"widget\" data-widget_type=\"text-editor.default\">\n\t\t\t\t<div class=\"elementor-widget-container\">\n\t\t\t\t\t\t\t\t\t<h4>When visiting this website<\/h4><p class=\"translation-block\">When you visit our website www.vanwylick.de, information is automatically sent to our website server by the browser used on your end device. This information is temporarily stored in a so-called log file. The following information is collected without your intervention and stored until automatic deletion:<\/p><ul><li>IP address of the requesting computer,<\/li><li>Date and time of access,<\/li><li>name and URL of the file accessed,<\/li><li>website from which access was made (referrer URL),<\/li><li>the browser used and, if applicable, the operating system of your computer as well as the name of your access provider.<\/li><\/ul>\t\t\t\t\t\t\t\t<\/div>\n\t\t\t\t<\/div>\n\t\t\t\t<div class=\"elementor-element elementor-element-8013dcc elementor-widget elementor-widget-text-editor\" data-id=\"8013dcc\" data-element_type=\"widget\" data-widget_type=\"text-editor.default\">\n\t\t\t\t<div class=\"elementor-widget-container\">\n\t\t\t\t\t\t\t\t\t<h4>The aforementioned data is processed by us for the following purposes:<\/h4><ul><li>Ensuring a smooth connection set-up of the website,<\/li><li>Ensuring a comfortable use of our website,<\/li><li>evaluating system security and stability, and<\/li><li>for other administrative purposes.<\/li><\/ul><p>The legal basis for the data processing is Art. 6 para. 1 p. 1 lit. f DSGVO. Our legitimate interest follows from the data collection purposes listed above. In no case do we use the collected data for the purpose of drawing conclusions about your person.<\/p>\t\t\t\t\t\t\t\t<\/div>\n\t\t\t\t<\/div>\n\t\t\t\t<div class=\"elementor-element elementor-element-aa2f06a elementor-widget elementor-widget-text-editor\" data-id=\"aa2f06a\" data-element_type=\"widget\" data-widget_type=\"text-editor.default\">\n\t\t\t\t<div class=\"elementor-widget-container\">\n\t\t\t\t\t\t\t\t\t<h4>Disclosure of personal data<\/h4><p>Personal data is only passed on within the framework of this website in the case of a digital application<a href=\"https:\/\/www.vanwylick.de\/en\/jobs\/\">https:\/\/vanwylick.de\/jobs\/<\/a>In this case, you provide us with personal data by email to <a class=\"mail\" href=\"\/en\/bewerbung--at--vanwylick.de\/\" rel=\"nofollow\">bewerbung&#8211;at&#8211;vanwylick.de<\/a> We will only use your information for the explicit purpose of this application and will only pass it on internally. It will not be passed on to third parties outside the company. We have not included a contact form on our website so that you can decide for yourself what data you wish to make available to us by e-mail. At this point, we would also like to point out your data subject rights in accordance with the EU Data Protection Regulation and in particular your right to object.<\/p><p>Please note that we also use recruiting portals <a href=\"https:\/\/www.indeed.de\">www.indeed.de<\/a>to place job advertisements. If you use the contact forms of these portals, we hereby point out that you may also make your personal information available to the respective portal operator. Please also note the data protection information of the portal operators at this point.<\/p>\t\t\t\t\t\t\t\t<\/div>\n\t\t\t\t<\/div>\n\t\t\t\t<div class=\"elementor-element elementor-element-dde1aa9 elementor-widget elementor-widget-text-editor\" data-id=\"dde1aa9\" data-element_type=\"widget\" data-widget_type=\"text-editor.default\">\n\t\t\t\t<div class=\"elementor-widget-container\">\n\t\t\t\t\t\t\t\t\t<h4>Cookies<\/h4><p>This website does not use cookies in the pages accessible to visitors. Only a security cookie is set on our site when administrators log in.<\/p>\t\t\t\t\t\t\t\t<\/div>\n\t\t\t\t<\/div>\n\t\t\t\t<div class=\"elementor-element elementor-element-bf25994 elementor-widget elementor-widget-text-editor\" data-id=\"bf25994\" data-element_type=\"widget\" data-widget_type=\"text-editor.default\">\n\t\t\t\t<div class=\"elementor-widget-container\">\n\t\t\t\t\t\t\t\t\t<h4>Google Analytics<\/h4><p>This website does not use any functions of the web analysis service Google Analytics.<\/p>\t\t\t\t\t\t\t\t<\/div>\n\t\t\t\t<\/div>\n\t\t\t\t<div class=\"elementor-element elementor-element-7bed551 elementor-widget elementor-widget-text-editor\" data-id=\"7bed551\" data-element_type=\"widget\" data-widget_type=\"text-editor.default\">\n\t\t\t\t<div class=\"elementor-widget-container\">\n\t\t\t\t\t\t\t\t\t<h4>Google AdWords and Google Conversion Tracking<\/h4><p>This website does not use Google AdWords.<\/p>\t\t\t\t\t\t\t\t<\/div>\n\t\t\t\t<\/div>\n\t\t\t\t<div class=\"elementor-element elementor-element-0db5236 elementor-widget elementor-widget-text-editor\" data-id=\"0db5236\" data-element_type=\"widget\" data-widget_type=\"text-editor.default\">\n\t\t\t\t<div class=\"elementor-widget-container\">\n\t\t\t\t\t\t\t\t\t<h4>Google Maps API<\/h4><p>We display maps on our website via the Google Maps API. We do not track browser data at this point. The provider of this service is Google Inc, 1600 Amphitheatre Parkway Mountain View, CA 94043, USA.<\/p>\t\t\t\t\t\t\t\t<\/div>\n\t\t\t\t<\/div>\n\t\t\t\t<div class=\"elementor-element elementor-element-2c4d2ef elementor-widget elementor-widget-text-editor\" data-id=\"2c4d2ef\" data-element_type=\"widget\" data-widget_type=\"text-editor.default\">\n\t\t\t\t<div class=\"elementor-widget-container\">\n\t\t\t\t\t\t\t\t\t<h4>Privacy policy for the use of social media functions<\/h4><p>No social media functions are integrated on our pages.<\/p>\t\t\t\t\t\t\t\t<\/div>\n\t\t\t\t<\/div>\n\t\t\t\t<div class=\"elementor-element elementor-element-66c9b8f elementor-widget elementor-widget-text-editor\" data-id=\"66c9b8f\" data-element_type=\"widget\" data-widget_type=\"text-editor.default\">\n\t\t\t\t<div class=\"elementor-widget-container\">\n\t\t\t\t\t\t\t\t\t<h4>Data subject rights<\/h4><p>You have the right<\/p><ul><li>In accordance with Art. 15 DSGVO, to request information about your personal data processed by us. In particular, you can request information about the processing purposes, the category of personal data, the categories of recipients to whom your data has been or will be disclosed, the planned storage period, the existence of a right to rectification, erasure, restriction of processing or objection, the existence of a right of complaint, the origin of your data if it has not been collected by us, as well as the existence of automated decision-making including profiling and, if applicable, meaningful information about its details;<\/li><li>in accordance with Art. 16 DSGVO, to demand the immediate correction of inaccurate or incomplete personal data stored by us;<\/li><li>in accordance with Article 17 of the Regulation, to request the erasure of your personal data stored by us, unless the processing is necessary for the exercise of the right to freedom of expression and information, for compliance with a legal obligation, for reasons of public interest, or for the establishment, exercise or defence of legal claims;<\/li><li>in accordance with Art. 18 DSGVO, to request the restriction of the processing of your personal data, insofar as the accuracy of the data is disputed by you, the processing is unlawful, but you object to its erasure and we no longer require the data, but you need it for the assertion, exercise or defence of legal claims or you have objected to the processing in accordance with Art. 21 DSGVO;<\/li><li>pursuant to Art. 20 DSGVO, to receive your personal data that you have provided to us in a structured, common and machine-readable format or to request that it be transferred to another controller;<\/li><li>revoke your consent at any time in accordance with Art. 7 (3) DSGVO. This has the consequence that we may no longer continue the data processing based on this consent in the future; and<\/li><li>complain to a supervisory authority in accordance with Art. 77 DSGVO. As a rule, you can contact the supervisory authority of your usual place of residence or workplace or our registered office for this purpose.<\/li><\/ul>\t\t\t\t\t\t\t\t<\/div>\n\t\t\t\t<\/div>\n\t\t\t\t<div class=\"elementor-element elementor-element-46ef024 elementor-widget elementor-widget-text-editor\" data-id=\"46ef024\" data-element_type=\"widget\" data-widget_type=\"text-editor.default\">\n\t\t\t\t<div class=\"elementor-widget-container\">\n\t\t\t\t\t\t\t\t\t<h4>Right of objection<\/h4><p>If your personal data is processed on the basis of legitimate interests pursuant to Art. 6 (1) sentence 1 lit. f DSGVO, you have the right to object to the processing of your personal data pursuant to Art. 21 DSGVO, insofar as there are grounds for doing so that arise from your particular situation or the objection is directed against direct advertising. In the latter case, you have a general right of objection, which is implemented by us without specifying a particular situation.<\/p>\t\t\t\t\t\t\t\t<\/div>\n\t\t\t\t<\/div>\n\t\t\t\t<div class=\"elementor-element elementor-element-4dbf361 elementor-widget elementor-widget-text-editor\" data-id=\"4dbf361\" data-element_type=\"widget\" data-widget_type=\"text-editor.default\">\n\t\t\t\t<div class=\"elementor-widget-container\">\n\t\t\t\t\t\t\t\t\t<h4>Data storage (applicant management)<\/h4><p>We will store your application for up to 6 months. If you withdraw your application or if your application is not considered by us, we will of course delete your data promptly.<\/p><p>If your application is followed by the conclusion of a contract with vanWylick, your data will be stored and used for the purpose of the organisational and administrative process and in compliance with legal regulations.<\/p>\t\t\t\t\t\t\t\t<\/div>\n\t\t\t\t<\/div>\n\t\t\t\t<div class=\"elementor-element elementor-element-8afda9e elementor-widget elementor-widget-text-editor\" data-id=\"8afda9e\" data-element_type=\"widget\" data-widget_type=\"text-editor.default\">\n\t\t\t\t<div class=\"elementor-widget-container\">\n\t\t\t\t\t\t\t\t\t<h4>Data protection officer and contact<\/h4><p>You can contact our appointed data protection officer at <a class=\"mail\" href=\"\/en\/datenschutz--at--vanwylick.de\/\" rel=\"nofollow\">datenschutz&#8211;at&#8211;vanwylick.de<\/a>.<\/p><h6>Fruchtimport vanWylick GmbH<\/h6><p>Industriestr. 16 | 50735 Cologne<br \/>Phone <a href=\"tel:+4921165032570\">+49 (0)221 65032-570<\/a><br \/><a class=\"mail\" href=\"\/en\/info--at--vanwylick.de\/\" rel=\"nofollow\">info&#8211;at&#8211;vanwylick.de<\/a> | <a href=\"https:\/\/www.vanwylick.de\/en\">www.vanwylick.de<\/a><\/p>\t\t\t\t\t\t\t\t<\/div>\n\t\t\t\t<\/div>\n\t\t\t\t<div class=\"elementor-element elementor-element-f35bdd4 elementor-widget elementor-widget-text-editor\" data-id=\"f35bdd4\" data-element_type=\"widget\" data-widget_type=\"text-editor.default\">\n\t\t\t\t<div class=\"elementor-widget-container\">\n\t\t\t\t\t\t\t\t\t<p>Status: May 2018<\/p>\t\t\t\t\t\t\t\t<\/div>\n\t\t\t\t<\/div>\n\t\t\t\t<div class=\"elementor-element elementor-element-4ad0c66 elementor-widget elementor-widget-heading\" data-id=\"4ad0c66\" data-element_type=\"widget\" data-widget_type=\"heading.default\">\n\t\t\t\t<div class=\"elementor-widget-container\">\n\t\t\t\t\t<p class=\"default elementor-heading-title elementor-size-default\">&#169;&nbsp;2026<\/br>Fruchtimport vanWylick GmbH<\/p>\t\t\t\t<\/div>\n\t\t\t\t<\/div>\n\t\t\t\t\t<\/div>\n\t\t<\/div>\n\t\t\t\t\t<\/div>\n\t\t<\/section>\n\t\t\t\t<div class=\"elementor-element elementor-element-7b042f2 sea3-spacer-l elementor-widget elementor-widget-sea3-spacer\" data-id=\"7b042f2\" data-element_type=\"widget\" data-widget_type=\"sea3-spacer.default\">\n\t\t\t\t<div class=\"elementor-widget-container\">\n\t\t\t\t\t        <div class=\"sea3-elementor-spacer elementor-spacer\">\n            <div class=\"sea3-elementor-spacer-inner elementor-spacer-inner\"><\/div>\n        <\/div>\n        \t\t\t\t<\/div>\n\t\t\t\t<\/div>\n\t\t\t\t\t<\/div>\n\t\t<\/div>\n\t\t\t\t<div class=\"elementor-column elementor-col-33 elementor-top-column elementor-element elementor-element-23f19e4\" data-id=\"23f19e4\" data-element_type=\"column\">\n\t\t\t<div class=\"elementor-widget-wrap\">\n\t\t\t\t\t\t\t<\/div>\n\t\t<\/div>\n\t\t\t\t\t<\/div>\n\t\t<\/section>\n\t\t\t\t<\/div>","protected":false},"excerpt":{"rendered":"<p>Datenschutzerkl\u00e4rung Wir nehmen den Schutz Ihrer pers\u00f6nlichen Daten sehr ernst. Wir behandeln Ihre personenbezogenen Daten vertraulich und entsprechend der gesetzlichen Datenschutzvorschriften, der Datenschutz-Grundverordnung (EU-DSGVO) sowie dieser Datenschutzerkl\u00e4rung. Soweit m\u00f6glich, vermeiden wir das Erheben personenbezogener Daten im Rahmen unserer Gesch\u00e4ftst\u00e4tigkeit, so auch beim Betrieb dieser Webseite. Die Nutzung unserer Webseite ist grunds\u00e4tzlich ohne Angabe personenbezogener Daten [&hellip;]<\/p>","protected":false},"author":1,"featured_media":0,"parent":0,"menu_order":12,"comment_status":"closed","ping_status":"closed","template":"","meta":{"_seopress_robots_primary_cat":"","_seopress_titles_title":"","_seopress_titles_desc":"","_seopress_robots_index":"","footnotes":""},"class_list":["post-2103","page","type-page","status-publish","hentry"],"_links":{"self":[{"href":"https:\/\/www.vanwylick.de\/en\/wp-json\/wp\/v2\/pages\/2103","targetHints":{"allow":["GET"]}}],"collection":[{"href":"https:\/\/www.vanwylick.de\/en\/wp-json\/wp\/v2\/pages"}],"about":[{"href":"https:\/\/www.vanwylick.de\/en\/wp-json\/wp\/v2\/types\/page"}],"author":[{"embeddable":true,"href":"https:\/\/www.vanwylick.de\/en\/wp-json\/wp\/v2\/users\/1"}],"replies":[{"embeddable":true,"href":"https:\/\/www.vanwylick.de\/en\/wp-json\/wp\/v2\/comments?post=2103"}],"version-history":[{"count":2,"href":"https:\/\/www.vanwylick.de\/en\/wp-json\/wp\/v2\/pages\/2103\/revisions"}],"predecessor-version":[{"id":2112,"href":"https:\/\/www.vanwylick.de\/en\/wp-json\/wp\/v2\/pages\/2103\/revisions\/2112"}],"wp:attachment":[{"href":"https:\/\/www.vanwylick.de\/en\/wp-json\/wp\/v2\/media?parent=2103"}],"curies":[{"name":"wp","href":"https:\/\/api.w.org\/{rel}","templated":true}]}}