{"id":2080,"date":"2021-04-23T15:40:41","date_gmt":"2021-04-23T13:40:41","guid":{"rendered":"https:\/\/p-gccz55.project.space\/?page_id=2080"},"modified":"2024-03-19T14:47:53","modified_gmt":"2024-03-19T13:47:53","slug":"toc","status":"publish","type":"page","link":"https:\/\/www.vanwylick.de\/en\/toc\/","title":{"rendered":"AGB"},"content":{"rendered":"<div data-elementor-type=\"wp-page\" data-elementor-id=\"2080\" class=\"elementor elementor-2080\" data-elementor-post-type=\"page\">\n\t\t\t\t\t\t<section class=\"elementor-section elementor-top-section elementor-element elementor-element-e923a00 elementor-section-boxed elementor-section-height-default elementor-section-height-default\" data-id=\"e923a00\" data-element_type=\"section\">\n\t\t\t\t\t\t<div class=\"elementor-container elementor-column-gap-default\">\n\t\t\t\t\t<div class=\"elementor-column elementor-col-66 elementor-top-column elementor-element elementor-element-f47a9cc\" data-id=\"f47a9cc\" data-element_type=\"column\">\n\t\t\t<div class=\"elementor-widget-wrap elementor-element-populated\">\n\t\t\t\t\t\t<div class=\"elementor-element elementor-element-b3fa9ac sea3-spacer-l elementor-widget elementor-widget-sea3-spacer\" data-id=\"b3fa9ac\" data-element_type=\"widget\" data-widget_type=\"sea3-spacer.default\">\n\t\t\t\t<div class=\"elementor-widget-container\">\n\t\t\t\t\t        <div class=\"sea3-elementor-spacer elementor-spacer\">\n            <div class=\"sea3-elementor-spacer-inner elementor-spacer-inner\"><\/div>\n        <\/div>\n        \t\t\t\t<\/div>\n\t\t\t\t<\/div>\n\t\t\t\t<div class=\"elementor-element elementor-element-f9dd24c elementor-widget elementor-widget-heading\" data-id=\"f9dd24c\" data-element_type=\"widget\" data-widget_type=\"heading.default\">\n\t\t\t\t<div class=\"elementor-widget-container\">\n\t\t\t\t\t<h1 class=\"default elementor-heading-title elementor-size-default\">Verkaufs- und Lieferbedingungen der Fruchtimport vanWylick GmbH und der vanWylick Frischeplattform West GmbH<\/h1>\t\t\t\t<\/div>\n\t\t\t\t<\/div>\n\t\t\t\t<section class=\"elementor-section elementor-inner-section elementor-element elementor-element-8d92370 elementor-section-boxed elementor-section-height-default elementor-section-height-default\" data-id=\"8d92370\" data-element_type=\"section\">\n\t\t\t\t\t\t<div class=\"elementor-container elementor-column-gap-default\">\n\t\t\t\t\t<div class=\"elementor-column elementor-col-100 elementor-inner-column elementor-element elementor-element-fd6efec\" data-id=\"fd6efec\" data-element_type=\"column\">\n\t\t\t<div class=\"elementor-widget-wrap elementor-element-populated\">\n\t\t\t\t\t\t<div class=\"elementor-element elementor-element-5d53112 elementor-widget elementor-widget-text-editor\" data-id=\"5d53112\" data-element_type=\"widget\" data-widget_type=\"text-editor.default\">\n\t\t\t\t<div class=\"elementor-widget-container\">\n\t\t\t\t\t\t\t\t\t<h4>1. scope of application<\/h4><p>1.1 These terms and conditions shall apply to all present and future business relations. Any conflicting or deviating terms and conditions of the Buyer shall not be accepted. All agreements made between us and the buyer for the purpose of executing this contract shall be set down in writing.<\/p><p>1.2 In addition to the following terms and conditions, the COFREUROP terms and conditions shall apply to commercial transactions with fruit and vegetables, unless they are modified or supplemented by the following terms and conditions. In any case, the following conditions take precedence. You can, of course, request the COFREUROP conditions from us.<\/p>\t\t\t\t\t\t\t\t<\/div>\n\t\t\t\t<\/div>\n\t\t\t\t<div class=\"elementor-element elementor-element-e68fd54 elementor-widget elementor-widget-text-editor\" data-id=\"e68fd54\" data-element_type=\"widget\" data-widget_type=\"text-editor.default\">\n\t\t\t\t<div class=\"elementor-widget-container\">\n\t\t\t\t\t\t\t\t\t<h4>2 Offers - Conclusion of contract<\/h4><p>Our offer is subject to change unless otherwise stated in the content of the offer.<\/p>\t\t\t\t\t\t\t\t<\/div>\n\t\t\t\t<\/div>\n\t\t\t\t<div class=\"elementor-element elementor-element-8013dcc elementor-widget elementor-widget-text-editor\" data-id=\"8013dcc\" data-element_type=\"widget\" data-widget_type=\"text-editor.default\">\n\t\t\t\t<div class=\"elementor-widget-container\">\n\t\t\t\t\t\t\t\t\t<h4>3. prices - terms of payment<\/h4><p>3.1 The prices are ex warehouse or sales vehicle and are payable net cash without any deductions upon receipt of the invoice. If payments are deferred or made later than agreed, interest at a rate of 8% above the respective base rate shall be charged for the interim period without the need for a special notice of default. We reserve the right to claim further damages.<\/p><p>3.2 Deterioration of the buyer's solvency or non-compliance with the agreed terms of payment shall entitle us to amend them.<\/p><p>3.3 The buyer shall only be entitled to set-off rights if his counterclaims have been legally established, are undisputed or have been recognised by us. He shall only be entitled to exercise a right of retention insofar as his counterclaim is based on the same contractual relationship.<\/p><p>3.4 Cheques shall only be accepted on account of payment.<\/p>\t\t\t\t\t\t\t\t<\/div>\n\t\t\t\t<\/div>\n\t\t\t\t<div class=\"elementor-element elementor-element-aa2f06a elementor-widget elementor-widget-text-editor\" data-id=\"aa2f06a\" data-element_type=\"widget\" data-widget_type=\"text-editor.default\">\n\t\t\t\t<div class=\"elementor-widget-container\">\n\t\t\t\t\t\t\t\t\t<h4>4. delivery and performance time<\/h4><p>4.1 All deliveries shall only be made ex warehouse. Shipment to the buyer shall only be made at the buyer's risk and expense. Packaging and dispatch shall be at our discretion, but without responsibility.<\/p><p>4.2 We shall not be responsible for delays in delivery and performance due to force majeure and due to events which make delivery considerably more difficult or impossible for us, not only temporarily, for reasons for which we are not responsible, even in the case of bindingly agreed deadlines and dates.<\/p><p>4.3 We are entitled to make partial deliveries and partial performance at any time, unless the partial delivery or partial performance is of no interest to the Buyer.<\/p>\t\t\t\t\t\t\t\t<\/div>\n\t\t\t\t<\/div>\n\t\t\t\t<div class=\"elementor-element elementor-element-dde1aa9 elementor-widget elementor-widget-text-editor\" data-id=\"dde1aa9\" data-element_type=\"widget\" data-widget_type=\"text-editor.default\">\n\t\t\t\t<div class=\"elementor-widget-container\">\n\t\t\t\t\t\t\t\t\t<h4>5 Transfer of risk<\/h4><p>The risk shall pass to the Buyer as soon as the consignment has been handed over to the person carrying out the transport or has left the Seller's warehouse for the purpose of dispatch. If dispatch is delayed at the request of the buyer, the risk shall pass to the buyer upon notification of readiness for dispatch.<\/p>\t\t\t\t\t\t\t\t<\/div>\n\t\t\t\t<\/div>\n\t\t\t\t<div class=\"elementor-element elementor-element-bf25994 elementor-widget elementor-widget-text-editor\" data-id=\"bf25994\" data-element_type=\"widget\" data-widget_type=\"text-editor.default\">\n\t\t\t\t<div class=\"elementor-widget-container\">\n\t\t\t\t\t\t\t\t\t<h4>6. retention of title<\/h4><p>6.1 The delivered goods shall remain our property until all our claims against the buyer arising from the business relationship, including future claims arising from contracts concluded at the same time or later, have been settled. This shall also apply if individual or all claims of the seller have been included in a current account and the balance has been struck and accepted.<\/p><p>6.2 The buyer is entitled to resell the reserved goods in the ordinary course of business. He hereby assigns to us by way of security all claims accruing to him against purchasers or third parties from the resale. The seller accepts the assignment. The buyer is authorised to collect these claims even after assignment. The seller may demand that the buyer informs him of the assigned claims and their debtors, provides all information necessary for collection, hands over the relevant documents and informs the debtors of the assignment.<\/p>\t\t\t\t\t\t\t\t<\/div>\n\t\t\t\t<\/div>\n\t\t\t\t<div class=\"elementor-element elementor-element-7bed551 elementor-widget elementor-widget-text-editor\" data-id=\"7bed551\" data-element_type=\"widget\" data-widget_type=\"text-editor.default\">\n\t\t\t\t<div class=\"elementor-widget-container\">\n\t\t\t\t\t\t\t\t\t<h4>7 Defects<\/h4><p>7.1 Claims for defects on the part of the buyer presuppose that he has duly fulfilled his obligations to examine the goods and give notice of defects in accordance with \u00a7 377 of the German Commercial Code (HGB).<\/p><p>7.2 The buyer must notify us of defects in writing immediately after receipt of the goods. This also applies to breakage and shortages. Defects which cannot be discovered within this period even after careful inspection must be notified to us in writing immediately after discovery.<\/p><p>7.3 If the supplementary performance fails, the buyer shall be entitled, at his discretion, to demand withdrawal from the contract or a reduction in price.<\/p><p>7.4 Only the direct purchaser shall be entitled to make claims against us on account of defects.<\/p><p>7.5 The limitation period for claims for defects is 12 months, calculated from the transfer of risk. The limitation period in the case of delivery recourse according to \u00a7\u00a7 478, 479 BGB remains unaffected.<\/p>\t\t\t\t\t\t\t\t<\/div>\n\t\t\t\t<\/div>\n\t\t\t\t<div class=\"elementor-element elementor-element-0db5236 elementor-widget elementor-widget-text-editor\" data-id=\"0db5236\" data-element_type=\"widget\" data-widget_type=\"text-editor.default\">\n\t\t\t\t<div class=\"elementor-widget-container\">\n\t\t\t\t\t\t\t\t\t<h4>8 Liability<\/h4><p>Our liability for damages, irrespective of the legal grounds, shall be limited to the amount of the value of the goods, insofar as fault is involved, for damage to property and further financial losses resulting therefrom, even if a breach of material contractual obligations is involved. This shall not apply to claims for intentional conduct, for guaranteed characteristics, for mandatory liability under the Product Liability Act and for injury to life, limb or health.<\/p>\t\t\t\t\t\t\t\t<\/div>\n\t\t\t\t<\/div>\n\t\t\t\t<div class=\"elementor-element elementor-element-2c4d2ef elementor-widget elementor-widget-text-editor\" data-id=\"2c4d2ef\" data-element_type=\"widget\" data-widget_type=\"text-editor.default\">\n\t\t\t\t<div class=\"elementor-widget-container\">\n\t\t\t\t\t\t\t\t\t<h4>9 Jurisdiction I Final Provisions<\/h4><p>9.1 These terms and conditions and the entire legal relationship between us and the Buyer shall be governed by the laws of the Federal Republic of Germany. The provisions of the UN Convention on Contracts for the International Sale of Goods shall not apply.<\/p><p>9.2 If the buyer is a merchant, a legal entity under public law or a special fund under public law, D\u00fcsseldorf shall be the exclusive place of jurisdiction for all disputes arising directly or indirectly from the contractual relationship.<\/p><p>9.3 Should a provision in these terms and conditions or a provision within the scope of other agreements be or become invalid, this shall not affect the validity of all other provisions or agreements.<\/p>\t\t\t\t\t\t\t\t<\/div>\n\t\t\t\t<\/div>\n\t\t\t\t<div class=\"elementor-element elementor-element-f35bdd4 elementor-widget elementor-widget-text-editor\" data-id=\"f35bdd4\" data-element_type=\"widget\" data-widget_type=\"text-editor.default\">\n\t\t\t\t<div class=\"elementor-widget-container\">\n\t\t\t\t\t\t\t\t\t<p>Status: March 2013<\/p>\t\t\t\t\t\t\t\t<\/div>\n\t\t\t\t<\/div>\n\t\t\t\t\t<\/div>\n\t\t<\/div>\n\t\t\t\t\t<\/div>\n\t\t<\/section>\n\t\t\t\t<div class=\"elementor-element elementor-element-7b042f2 sea3-spacer-l elementor-widget elementor-widget-sea3-spacer\" data-id=\"7b042f2\" data-element_type=\"widget\" data-widget_type=\"sea3-spacer.default\">\n\t\t\t\t<div class=\"elementor-widget-container\">\n\t\t\t\t\t        <div class=\"sea3-elementor-spacer elementor-spacer\">\n            <div class=\"sea3-elementor-spacer-inner elementor-spacer-inner\"><\/div>\n        <\/div>\n        \t\t\t\t<\/div>\n\t\t\t\t<\/div>\n\t\t\t\t\t<\/div>\n\t\t<\/div>\n\t\t\t\t<div class=\"elementor-column elementor-col-33 elementor-top-column elementor-element elementor-element-23f19e4\" data-id=\"23f19e4\" data-element_type=\"column\">\n\t\t\t<div class=\"elementor-widget-wrap\">\n\t\t\t\t\t\t\t<\/div>\n\t\t<\/div>\n\t\t\t\t\t<\/div>\n\t\t<\/section>\n\t\t\t\t<\/div>","protected":false},"excerpt":{"rendered":"<p>Verkaufs- und Lieferbedingungen der Fruchtimport vanWylick GmbH und der vanWylick Frischeplattform West GmbH 1. Geltungsbereich 1.1. Diese Bedingungen gelten f\u00fcr alle gegenw\u00e4rtigen und zuk\u00fcnftigen Gesch\u00e4ftsbeziehungen. Entgegenstehende oder abweichende Bedingungen des K\u00e4ufers werden nicht anerkannt. Alle Vereinbarungen, die zwischen uns und dem K\u00e4ufer zwecks Ausf\u00fchrung dieses Vertrags getroffen werden, sind schriftlich nieder zu legen. 1.2. Erg\u00e4nzend [&hellip;]<\/p>","protected":false},"author":1,"featured_media":0,"parent":0,"menu_order":13,"comment_status":"closed","ping_status":"closed","template":"","meta":{"_seopress_robots_primary_cat":"","_seopress_titles_title":"","_seopress_titles_desc":"","_seopress_robots_index":"","footnotes":""},"class_list":["post-2080","page","type-page","status-publish","hentry"],"_links":{"self":[{"href":"https:\/\/www.vanwylick.de\/en\/wp-json\/wp\/v2\/pages\/2080","targetHints":{"allow":["GET"]}}],"collection":[{"href":"https:\/\/www.vanwylick.de\/en\/wp-json\/wp\/v2\/pages"}],"about":[{"href":"https:\/\/www.vanwylick.de\/en\/wp-json\/wp\/v2\/types\/page"}],"author":[{"embeddable":true,"href":"https:\/\/www.vanwylick.de\/en\/wp-json\/wp\/v2\/users\/1"}],"replies":[{"embeddable":true,"href":"https:\/\/www.vanwylick.de\/en\/wp-json\/wp\/v2\/comments?post=2080"}],"version-history":[{"count":38,"href":"https:\/\/www.vanwylick.de\/en\/wp-json\/wp\/v2\/pages\/2080\/revisions"}],"predecessor-version":[{"id":3308,"href":"https:\/\/www.vanwylick.de\/en\/wp-json\/wp\/v2\/pages\/2080\/revisions\/3308"}],"wp:attachment":[{"href":"https:\/\/www.vanwylick.de\/en\/wp-json\/wp\/v2\/media?parent=2080"}],"curies":[{"name":"wp","href":"https:\/\/api.w.org\/{rel}","templated":true}]}}