{"id":2072,"date":"2021-04-23T15:34:55","date_gmt":"2021-04-23T13:34:55","guid":{"rendered":"https:\/\/p-gccz55.project.space\/?page_id=2072"},"modified":"2024-03-19T14:47:53","modified_gmt":"2024-03-19T13:47:53","slug":"kontakt","status":"publish","type":"page","link":"https:\/\/www.vanwylick.de\/de\/kontakt\/","title":{"rendered":"Kontakt"},"content":{"rendered":"\t\t<div data-elementor-type=\"wp-page\" data-elementor-id=\"2072\" class=\"elementor elementor-2072\" data-elementor-post-type=\"page\">\n\t\t\t\t\t\t<section class=\"elementor-section elementor-top-section elementor-element elementor-element-e923a00 elementor-section-boxed elementor-section-height-default elementor-section-height-default\" data-id=\"e923a00\" data-element_type=\"section\">\n\t\t\t\t\t\t<div class=\"elementor-container elementor-column-gap-default\">\n\t\t\t\t\t<div class=\"elementor-column elementor-col-66 elementor-top-column elementor-element elementor-element-f47a9cc\" data-id=\"f47a9cc\" data-element_type=\"column\">\n\t\t\t<div class=\"elementor-widget-wrap elementor-element-populated\">\n\t\t\t\t\t\t<div class=\"elementor-element elementor-element-b3fa9ac sea3-spacer-l elementor-widget elementor-widget-sea3-spacer\" data-id=\"b3fa9ac\" data-element_type=\"widget\" data-widget_type=\"sea3-spacer.default\">\n\t\t\t\t<div class=\"elementor-widget-container\">\n\t\t\t\t\t        <div class=\"sea3-elementor-spacer elementor-spacer\">\n            <div class=\"sea3-elementor-spacer-inner elementor-spacer-inner\"><\/div>\n        <\/div>\n        \t\t\t\t<\/div>\n\t\t\t\t<\/div>\n\t\t\t\t<div class=\"elementor-element elementor-element-f9dd24c elementor-widget elementor-widget-heading\" data-id=\"f9dd24c\" data-element_type=\"widget\" data-widget_type=\"heading.default\">\n\t\t\t\t<div class=\"elementor-widget-container\">\n\t\t\t\t\t<h1 class=\"default elementor-heading-title elementor-size-default\">Kontakt<\/h1>\t\t\t\t<\/div>\n\t\t\t\t<\/div>\n\t\t\t\t<section class=\"elementor-section elementor-inner-section elementor-element elementor-element-129f6ce elementor-section-boxed elementor-section-height-default elementor-section-height-default\" data-id=\"129f6ce\" data-element_type=\"section\">\n\t\t\t\t\t\t<div class=\"elementor-container elementor-column-gap-default\">\n\t\t\t\t\t<div class=\"elementor-column elementor-col-50 elementor-inner-column elementor-element elementor-element-091a347\" data-id=\"091a347\" data-element_type=\"column\">\n\t\t\t<div class=\"elementor-widget-wrap elementor-element-populated\">\n\t\t\t\t\t\t<div class=\"elementor-element elementor-element-1244faa elementor-widget elementor-widget-text-editor\" data-id=\"1244faa\" data-element_type=\"widget\" data-widget_type=\"text-editor.default\">\n\t\t\t\t<div class=\"elementor-widget-container\">\n\t\t\t\t\t\t\t\t\t<h5><strong>Fruchtimport vanWylick GmbH<\/strong><\/h5><p>Rolandstr. 44<br \/>40476 D\u00fcsseldorf<br \/>Deutschland<\/p>\t\t\t\t\t\t\t\t<\/div>\n\t\t\t\t<\/div>\n\t\t\t\t\t<\/div>\n\t\t<\/div>\n\t\t\t\t<div class=\"elementor-column elementor-col-50 elementor-inner-column elementor-element elementor-element-67de80c\" data-id=\"67de80c\" data-element_type=\"column\">\n\t\t\t<div class=\"elementor-widget-wrap elementor-element-populated\">\n\t\t\t\t\t\t<div class=\"elementor-element elementor-element-8b0c743 elementor-icon-list--layout-traditional elementor-list-item-link-full_width elementor-invisible elementor-widget elementor-widget-icon-list\" data-id=\"8b0c743\" data-element_type=\"widget\" data-settings=\"{&quot;_animation&quot;:&quot;fadeIn&quot;}\" data-widget_type=\"icon-list.default\">\n\t\t\t\t<div class=\"elementor-widget-container\">\n\t\t\t\t\t\t\t<ul class=\"elementor-icon-list-items\">\n\t\t\t\t\t\t\t<li class=\"elementor-icon-list-item\">\n\t\t\t\t\t\t\t\t\t\t\t<a href=\"tel:+4922165032570\">\n\n\t\t\t\t\t\t\t\t\t\t\t\t<span class=\"elementor-icon-list-icon\">\n\t\t\t\t\t\t\t<i aria-hidden=\"true\" class=\"fas fa-phone\"><\/i>\t\t\t\t\t\t<\/span>\n\t\t\t\t\t\t\t\t\t\t<span class=\"elementor-icon-list-text\"> +49 (0)221 65032-570<\/span>\n\t\t\t\t\t\t\t\t\t\t\t<\/a>\n\t\t\t\t\t\t\t\t\t<\/li>\n\t\t\t\t\t\t\t\t<li class=\"elementor-icon-list-item\">\n\t\t\t\t\t\t\t\t\t\t\t<a href=\"http:\/\/info--at--vanwylick.de\" rel=\"nofollow\" class=\"mail\">\n\n\t\t\t\t\t\t\t\t\t\t\t\t<span class=\"elementor-icon-list-icon\">\n\t\t\t\t\t\t\t<i aria-hidden=\"true\" class=\"fas fa-envelope\"><\/i>\t\t\t\t\t\t<\/span>\n\t\t\t\t\t\t\t\t\t\t<span class=\"elementor-icon-list-text\">info@vanwylick.de<\/span>\n\t\t\t\t\t\t\t\t\t\t\t<\/a>\n\t\t\t\t\t\t\t\t\t<\/li>\n\t\t\t\t\t\t\t\t<li class=\"elementor-icon-list-item\">\n\t\t\t\t\t\t\t\t\t\t\t<a href=\"http:\/\/www.vanwylick.de\">\n\n\t\t\t\t\t\t\t\t\t\t\t\t<span class=\"elementor-icon-list-icon\">\n\t\t\t\t\t\t\t<i aria-hidden=\"true\" class=\"fas fa-globe-europe\"><\/i>\t\t\t\t\t\t<\/span>\n\t\t\t\t\t\t\t\t\t\t<span class=\"elementor-icon-list-text\">www.vanwylick.de<\/span>\n\t\t\t\t\t\t\t\t\t\t\t<\/a>\n\t\t\t\t\t\t\t\t\t<\/li>\n\t\t\t\t\t\t<\/ul>\n\t\t\t\t\t\t<\/div>\n\t\t\t\t<\/div>\n\t\t\t\t\t<\/div>\n\t\t<\/div>\n\t\t\t\t\t<\/div>\n\t\t<\/section>\n\t\t\t\t<div class=\"elementor-element elementor-element-458e4e7 sea3-spacer-m elementor-widget elementor-widget-sea3-spacer\" data-id=\"458e4e7\" data-element_type=\"widget\" data-widget_type=\"sea3-spacer.default\">\n\t\t\t\t<div class=\"elementor-widget-container\">\n\t\t\t\t\t        <div class=\"sea3-elementor-spacer elementor-spacer\">\n            <div class=\"sea3-elementor-spacer-inner elementor-spacer-inner\"><\/div>\n        <\/div>\n        \t\t\t\t<\/div>\n\t\t\t\t<\/div>\n\t\t\t\t<section class=\"elementor-section elementor-inner-section elementor-element elementor-element-8d92370 elementor-section-boxed elementor-section-height-default elementor-section-height-default\" data-id=\"8d92370\" data-element_type=\"section\">\n\t\t\t\t\t\t<div class=\"elementor-container elementor-column-gap-default\">\n\t\t\t\t\t<div class=\"elementor-column elementor-col-50 elementor-inner-column elementor-element elementor-element-fd6efec\" data-id=\"fd6efec\" data-element_type=\"column\">\n\t\t\t<div class=\"elementor-widget-wrap elementor-element-populated\">\n\t\t\t\t\t\t<div class=\"elementor-element elementor-element-5d53112 elementor-widget elementor-widget-text-editor\" data-id=\"5d53112\" data-element_type=\"widget\" data-widget_type=\"text-editor.default\">\n\t\t\t\t<div class=\"elementor-widget-container\">\n\t\t\t\t\t\t\t\t\t<h6>Nationales Key Account Management:<\/h6><p>Betreuung Gro\u00dfkunden, Neugesch\u00e4ft, Produktmanagement, Strategie<br \/><a class=\"mail\" href=\"kam--at--vanwylick.de\" rel=\"nofollow\">kam&#8211;at&#8211;vanwylick.de<\/a><\/p>\t\t\t\t\t\t\t\t<\/div>\n\t\t\t\t<\/div>\n\t\t\t\t<div class=\"elementor-element elementor-element-74f9e32 elementor-widget elementor-widget-text-editor\" data-id=\"74f9e32\" data-element_type=\"widget\" data-widget_type=\"text-editor.default\">\n\t\t\t\t<div class=\"elementor-widget-container\">\n\t\t\t\t\t\t\t\t\t<h6 class=\"margin-top-xs\">Zentraleinkauf:<\/h6><p class=\"margin-top-xs\">Zentrale Beschaffung f\u00fcr die Niederlassungen<br \/><a class=\"mail\" href=\"einkauf--at--vanwylick.de\" rel=\"nofollow\">einkauf&#8211;at&#8211;vanwylick.de<\/a> <\/p>\t\t\t\t\t\t\t\t<\/div>\n\t\t\t\t<\/div>\n\t\t\t\t<div class=\"elementor-element elementor-element-c28ec79 elementor-widget elementor-widget-text-editor\" data-id=\"c28ec79\" data-element_type=\"widget\" data-widget_type=\"text-editor.default\">\n\t\t\t\t<div class=\"elementor-widget-container\">\n\t\t\t\t\t\t\t\t\t<h6>Direktvertrieb:<\/h6><p>Direkte Vermarktung aus den H\u00e4fen und europ\u00e4ischen Urspr\u00fcngen<br \/><a class=\"mail\" href=\"direktvertrieb--at--vanwylick.de\" rel=\"nofollow\">direktvertrieb&#8211;at&#8211;vanwylick.de<\/a> <\/p>\t\t\t\t\t\t\t\t<\/div>\n\t\t\t\t<\/div>\n\t\t\t\t<div class=\"elementor-element elementor-element-fd334b5 elementor-widget elementor-widget-text-editor\" data-id=\"fd334b5\" data-element_type=\"widget\" data-widget_type=\"text-editor.default\">\n\t\t\t\t<div class=\"elementor-widget-container\">\n\t\t\t\t\t\t\t\t\t<h6>Bananenhandel:<\/h6><p>Zentrale Beschaffung, Beratung und Koordination des Warenflusses<br \/><a class=\"mail\" href=\"bananen--at--vanwylick.de\" rel=\"nofollow\">bananen&#8211;at&#8211;vanwylick.de<\/a><\/p>\t\t\t\t\t\t\t\t<\/div>\n\t\t\t\t<\/div>\n\t\t\t\t\t<\/div>\n\t\t<\/div>\n\t\t\t\t<div class=\"elementor-column elementor-col-50 elementor-inner-column elementor-element elementor-element-f6febed\" data-id=\"f6febed\" data-element_type=\"column\">\n\t\t\t<div class=\"elementor-widget-wrap\">\n\t\t\t\t\t\t\t<\/div>\n\t\t<\/div>\n\t\t\t\t\t<\/div>\n\t\t<\/section>\n\t\t\t\t<div class=\"elementor-element elementor-element-7b042f2 sea3-spacer-l elementor-widget elementor-widget-sea3-spacer\" data-id=\"7b042f2\" data-element_type=\"widget\" data-widget_type=\"sea3-spacer.default\">\n\t\t\t\t<div class=\"elementor-widget-container\">\n\t\t\t\t\t        <div class=\"sea3-elementor-spacer elementor-spacer\">\n            <div class=\"sea3-elementor-spacer-inner elementor-spacer-inner\"><\/div>\n        <\/div>\n        \t\t\t\t<\/div>\n\t\t\t\t<\/div>\n\t\t\t\t\t<\/div>\n\t\t<\/div>\n\t\t\t\t<div class=\"elementor-column elementor-col-33 elementor-top-column elementor-element elementor-element-23f19e4\" data-id=\"23f19e4\" data-element_type=\"column\">\n\t\t\t<div class=\"elementor-widget-wrap\">\n\t\t\t\t\t\t\t<\/div>\n\t\t<\/div>\n\t\t\t\t\t<\/div>\n\t\t<\/section>\n\t\t\t\t<\/div>\n\t\t","protected":false},"excerpt":{"rendered":"<p>Kontakt Fruchtimport vanWylick GmbH Rolandstr. 4440476 D\u00fcsseldorfDeutschland +49 (0)221 65032-570 info@vanwylick.de www.vanwylick.de Nationales Key Account Management: Betreuung Gro\u00dfkunden, Neugesch\u00e4ft, Produktmanagement, Strategiekam&#8211;at&#8211;vanwylick.de Zentraleinkauf: Zentrale Beschaffung f\u00fcr die Niederlassungeneinkauf&#8211;at&#8211;vanwylick.de Direktvertrieb: Direkte Vermarktung aus den H\u00e4fen und europ\u00e4ischen Urspr\u00fcngendirektvertrieb&#8211;at&#8211;vanwylick.de Bananenhandel: Zentrale Beschaffung, Beratung und Koordination des Warenflussesbananen&#8211;at&#8211;vanwylick.de<\/p>\n","protected":false},"author":1,"featured_media":0,"parent":0,"menu_order":10,"comment_status":"closed","ping_status":"closed","template":"","meta":{"_seopress_robots_primary_cat":"","_seopress_titles_title":"","_seopress_titles_desc":"","_seopress_robots_index":"","footnotes":""},"class_list":["post-2072","page","type-page","status-publish","hentry"],"_links":{"self":[{"href":"https:\/\/www.vanwylick.de\/de\/wp-json\/wp\/v2\/pages\/2072","targetHints":{"allow":["GET"]}}],"collection":[{"href":"https:\/\/www.vanwylick.de\/de\/wp-json\/wp\/v2\/pages"}],"about":[{"href":"https:\/\/www.vanwylick.de\/de\/wp-json\/wp\/v2\/types\/page"}],"author":[{"embeddable":true,"href":"https:\/\/www.vanwylick.de\/de\/wp-json\/wp\/v2\/users\/1"}],"replies":[{"embeddable":true,"href":"https:\/\/www.vanwylick.de\/de\/wp-json\/wp\/v2\/comments?post=2072"}],"version-history":[{"count":17,"href":"https:\/\/www.vanwylick.de\/de\/wp-json\/wp\/v2\/pages\/2072\/revisions"}],"predecessor-version":[{"id":2401,"href":"https:\/\/www.vanwylick.de\/de\/wp-json\/wp\/v2\/pages\/2072\/revisions\/2401"}],"wp:attachment":[{"href":"https:\/\/www.vanwylick.de\/de\/wp-json\/wp\/v2\/media?parent=2072"}],"curies":[{"name":"wp","href":"https:\/\/api.w.org\/{rel}","templated":true}]}}